{"id":377,"date":"2021-02-24T20:09:11","date_gmt":"2021-02-24T20:09:11","guid":{"rendered":"https:\/\/www.aventureinukshuk.qc.ca\/?page_id=377"},"modified":"2021-10-01T14:10:44","modified_gmt":"2021-10-01T18:10:44","slug":"home","status":"publish","type":"page","link":"https:\/\/www.aventureinukshuk.qc.ca\/en\/","title":{"rendered":"Home"},"content":{"rendered":"\n<div id=\"lipsum\"><h1>Aventure Inukshuk, adventure and outdoor activities<\/h1><p>Located at the Duchesnay Tourist Station, since 1997, Inukshuk Adventure has been offering you the possibility to experience several activities year round, in an enchanting setting. These activities include dog sledding, snowmobile rental, cani-kart, black bear observation, Quad Safari and Super Labyrinth, all for families, couples or groups! Certified by AEQ, the Tourism Office, MAPAQ and many others, our team of enthusiasts is in place to welcome you and transmit their knowledge in complete safety. Come live the Inukshuk Adventure experience, the pros of micro-adventure in Quebec City!<\/p><p>Pourquoi choisir Aventure Inukshuk? Parce que c\u2019est le choix ultime en mati\u00e8re de micro-aventure. Nous nous soucions de la s\u00e9curit\u00e9 et du bien-\u00eatre de notre client\u00e8le, nous prenons soin de nos chiens, et nos employ\u00e9s sont des professionnels d\u00e9vou\u00e9s. Et, que dire de la beaut\u00e9 de nos paysages, et ce, \u00e0 20 min de Qu\u00e9bec!<\/p><\/div>\n","protected":false},"excerpt":{"rendered":"<p>Aventure Inukshuk, adventure and outdoor activitiesLocated at the Duchesnay Tourist Station, since 1997, Inukshuk Adventure has been offering you the &#8230;<\/p>\n","protected":false},"author":4,"featured_media":0,"parent":0,"menu_order":0,"comment_status":"closed","ping_status":"closed","template":"","meta":{"_acf_changed":false,"footnotes":""},"class_list":["post-377","page","type-page","status-publish","hentry"],"acf":[],"yoast_head":"<!-- This site is optimized with the Yoast SEO plugin v27.4 - https:\/\/yoast.com\/product\/yoast-seo-wordpress\/ -->\n<title>Home - Aventure Inukshuk, Adventure and Outdoor Activities<\/title>\n<meta name=\"description\" content=\"Dog sledding, Snowmobile, Cani-kart, Black bear watching, Safari Quad and Super Labyrinth. - Outdoor adventure at 20 minutes from Quebec City.\" \/>\n<meta name=\"robots\" content=\"index, follow, max-snippet:-1, max-image-preview:large, max-video-preview:-1\" \/>\n<link rel=\"canonical\" href=\"https:\/\/www.aventureinukshuk.qc.ca\/en\/\" \/>\n<meta property=\"og:locale\" content=\"en_US\" \/>\n<meta property=\"og:type\" content=\"article\" \/>\n<meta property=\"og:title\" content=\"Home - Aventure Inukshuk, Adventure and Outdoor Activities\" \/>\n<meta property=\"og:description\" content=\"Dog sledding, Snowmobile, Cani-kart, Black bear watching, Safari Quad and Super Labyrinth. - Outdoor adventure at 20 minutes from Quebec City.\" \/>\n<meta property=\"og:url\" content=\"https:\/\/www.aventureinukshuk.qc.ca\/en\/\" \/>\n<meta property=\"og:site_name\" content=\"Aventure Inukshuk\" \/>\n<meta property=\"article:modified_time\" content=\"2021-10-01T18:10:44+00:00\" \/>\n<meta property=\"og:image\" content=\"https:\/\/www.aventureinukshuk.qc.ca\/wp-content\/uploads\/2021\/09\/Aventure-Inukshuk-Logo.png\" \/>\n\t<meta property=\"og:image:width\" content=\"1200\" \/>\n\t<meta property=\"og:image:height\" content=\"630\" \/>\n\t<meta property=\"og:image:type\" content=\"image\/png\" \/>\n<meta name=\"twitter:card\" content=\"summary_large_image\" \/>\n<meta name=\"twitter:label1\" content=\"Est. reading time\" \/>\n\t<meta name=\"twitter:data1\" content=\"1 minute\" \/>\n<script type=\"application\/ld+json\" class=\"yoast-schema-graph\">{\"@context\":\"https:\\\/\\\/schema.org\",\"@graph\":[{\"@type\":\"WebPage\",\"@id\":\"https:\\\/\\\/www.aventureinukshuk.qc.ca\\\/en\\\/\",\"url\":\"https:\\\/\\\/www.aventureinukshuk.qc.ca\\\/en\\\/\",\"name\":\"Home - Aventure Inukshuk, Adventure and Outdoor Activities\",\"isPartOf\":{\"@id\":\"https:\\\/\\\/www.aventureinukshuk.qc.ca\\\/en\\\/#website\"},\"datePublished\":\"2021-02-24T20:09:11+00:00\",\"dateModified\":\"2021-10-01T18:10:44+00:00\",\"description\":\"Dog sledding, Snowmobile, Cani-kart, Black bear watching, Safari Quad and Super Labyrinth. - Outdoor adventure at 20 minutes from Quebec City.\",\"breadcrumb\":{\"@id\":\"https:\\\/\\\/www.aventureinukshuk.qc.ca\\\/en\\\/#breadcrumb\"},\"inLanguage\":\"en-US\",\"potentialAction\":[{\"@type\":\"ReadAction\",\"target\":[\"https:\\\/\\\/www.aventureinukshuk.qc.ca\\\/en\\\/\"]}]},{\"@type\":\"BreadcrumbList\",\"@id\":\"https:\\\/\\\/www.aventureinukshuk.qc.ca\\\/en\\\/#breadcrumb\",\"itemListElement\":[{\"@type\":\"ListItem\",\"position\":1,\"name\":\"Accueil\",\"item\":\"https:\\\/\\\/www.aventureinukshuk.qc.ca\\\/en\\\/\"},{\"@type\":\"ListItem\",\"position\":2,\"name\":\"Home\"}]},{\"@type\":\"WebSite\",\"@id\":\"https:\\\/\\\/www.aventureinukshuk.qc.ca\\\/en\\\/#website\",\"url\":\"https:\\\/\\\/www.aventureinukshuk.qc.ca\\\/en\\\/\",\"name\":\"Aventure Inukshuk\",\"description\":\"Activit\u00e9s d&#039;aventures et de plein air\",\"potentialAction\":[{\"@type\":\"SearchAction\",\"target\":{\"@type\":\"EntryPoint\",\"urlTemplate\":\"https:\\\/\\\/www.aventureinukshuk.qc.ca\\\/en\\\/?s={search_term_string}\"},\"query-input\":{\"@type\":\"PropertyValueSpecification\",\"valueRequired\":true,\"valueName\":\"search_term_string\"}}],\"inLanguage\":\"en-US\"}]}<\/script>\n<!-- \/ Yoast SEO plugin. -->","yoast_head_json":{"title":"Home - Aventure Inukshuk, Adventure and Outdoor Activities","description":"Dog sledding, Snowmobile, Cani-kart, Black bear watching, Safari Quad and Super Labyrinth. - Outdoor adventure at 20 minutes from Quebec City.","robots":{"index":"index","follow":"follow","max-snippet":"max-snippet:-1","max-image-preview":"max-image-preview:large","max-video-preview":"max-video-preview:-1"},"canonical":"https:\/\/www.aventureinukshuk.qc.ca\/en\/","og_locale":"en_US","og_type":"article","og_title":"Home - Aventure Inukshuk, Adventure and Outdoor Activities","og_description":"Dog sledding, Snowmobile, Cani-kart, Black bear watching, Safari Quad and Super Labyrinth. - Outdoor adventure at 20 minutes from Quebec City.","og_url":"https:\/\/www.aventureinukshuk.qc.ca\/en\/","og_site_name":"Aventure Inukshuk","article_modified_time":"2021-10-01T18:10:44+00:00","og_image":[{"width":1200,"height":630,"url":"https:\/\/www.aventureinukshuk.qc.ca\/wp-content\/uploads\/2021\/09\/Aventure-Inukshuk-Logo.png","type":"image\/png"}],"twitter_card":"summary_large_image","twitter_misc":{"Est. reading time":"1 minute"},"schema":{"@context":"https:\/\/schema.org","@graph":[{"@type":"WebPage","@id":"https:\/\/www.aventureinukshuk.qc.ca\/en\/","url":"https:\/\/www.aventureinukshuk.qc.ca\/en\/","name":"Home - Aventure Inukshuk, Adventure and Outdoor Activities","isPartOf":{"@id":"https:\/\/www.aventureinukshuk.qc.ca\/en\/#website"},"datePublished":"2021-02-24T20:09:11+00:00","dateModified":"2021-10-01T18:10:44+00:00","description":"Dog sledding, Snowmobile, Cani-kart, Black bear watching, Safari Quad and Super Labyrinth. - Outdoor adventure at 20 minutes from Quebec City.","breadcrumb":{"@id":"https:\/\/www.aventureinukshuk.qc.ca\/en\/#breadcrumb"},"inLanguage":"en-US","potentialAction":[{"@type":"ReadAction","target":["https:\/\/www.aventureinukshuk.qc.ca\/en\/"]}]},{"@type":"BreadcrumbList","@id":"https:\/\/www.aventureinukshuk.qc.ca\/en\/#breadcrumb","itemListElement":[{"@type":"ListItem","position":1,"name":"Accueil","item":"https:\/\/www.aventureinukshuk.qc.ca\/en\/"},{"@type":"ListItem","position":2,"name":"Home"}]},{"@type":"WebSite","@id":"https:\/\/www.aventureinukshuk.qc.ca\/en\/#website","url":"https:\/\/www.aventureinukshuk.qc.ca\/en\/","name":"Aventure Inukshuk","description":"Activit\u00e9s d&#039;aventures et de plein air","potentialAction":[{"@type":"SearchAction","target":{"@type":"EntryPoint","urlTemplate":"https:\/\/www.aventureinukshuk.qc.ca\/en\/?s={search_term_string}"},"query-input":{"@type":"PropertyValueSpecification","valueRequired":true,"valueName":"search_term_string"}}],"inLanguage":"en-US"}]}},"_links":{"self":[{"href":"https:\/\/www.aventureinukshuk.qc.ca\/en\/wp-json\/wp\/v2\/pages\/377","targetHints":{"allow":["GET"]}}],"collection":[{"href":"https:\/\/www.aventureinukshuk.qc.ca\/en\/wp-json\/wp\/v2\/pages"}],"about":[{"href":"https:\/\/www.aventureinukshuk.qc.ca\/en\/wp-json\/wp\/v2\/types\/page"}],"author":[{"embeddable":true,"href":"https:\/\/www.aventureinukshuk.qc.ca\/en\/wp-json\/wp\/v2\/users\/4"}],"replies":[{"embeddable":true,"href":"https:\/\/www.aventureinukshuk.qc.ca\/en\/wp-json\/wp\/v2\/comments?post=377"}],"version-history":[{"count":8,"href":"https:\/\/www.aventureinukshuk.qc.ca\/en\/wp-json\/wp\/v2\/pages\/377\/revisions"}],"predecessor-version":[{"id":2481,"href":"https:\/\/www.aventureinukshuk.qc.ca\/en\/wp-json\/wp\/v2\/pages\/377\/revisions\/2481"}],"wp:attachment":[{"href":"https:\/\/www.aventureinukshuk.qc.ca\/en\/wp-json\/wp\/v2\/media?parent=377"}],"curies":[{"name":"wp","href":"https:\/\/api.w.org\/{rel}","templated":true}]}}